{"id":8,"date":"2021-06-03T14:32:06","date_gmt":"2021-06-03T14:32:06","guid":{"rendered":"https:\/\/siirrot.com\/urheilu\/?page_id=8"},"modified":"2025-06-13T21:04:53","modified_gmt":"2025-06-13T18:04:53","slug":"siirrot-com-avattu","status":"publish","type":"page","link":"https:\/\/siirrot.com\/urheilu\/siirrot-com-avattu\/","title":{"rendered":"Info ja yhteystiedot"},"content":{"rendered":"\n<p class=\"\">Urheilusivusto <strong>Siirrot.com<\/strong> avautui 3.6.2021.<\/p>\n\n\n\n<p class=\"\">Sivusto sis\u00e4lt\u00e4\u00e4 vahvistettuja siirtouutisia, vastuullisia siirtohuhuja sek\u00e4 siirtomarkkinoihin liittyvi\u00e4 artikkeleita. Siirrot.com seuraa kaikkia urheilulajeja. Painopisteet ovat j\u00e4\u00e4kiekon NHL ja jalkapallon Englannin Valioliiga.<\/p>\n\n\n\n<p class=\"\"><strong>Siirtouutiset <\/strong>ovat virallisen l\u00e4hteen, esimerkiksi liigan tai urheiluseuran vahvistamia tietoja.<\/p>\n\n\n\n<p class=\"\"><strong>Siirtohuhut <\/strong>ovat luotettaviin l\u00e4hteisiin perustuvia ennakointeja mahdollisista siirroista. Siirrot.com ei levit\u00e4 perusteettomiksi katsomiaan huhuja eik\u00e4 luo itse per\u00e4tt\u00f6mi\u00e4 huhuja.<\/p>\n\n\n\n<p class=\"\">Siirrot.comia julkaisee suomalainen yritys <a href=\"https:\/\/pasituominen.com\/eastsidemedia\" target=\"_blank\" rel=\"noreferrer noopener\" title=\"East Side Media\">East Side Media<\/a>. Sivustolla ei mainosteta Suomen lain vastaisia vedonly\u00f6ntipalveluita tai vastaavia palveluita\/tuotteita.<\/p>\n\n\n\n<p class=\"\"><strong>Kun haluat tiedottaa tai mainostaa Siirrot.comissa, ota yhteytt\u00e4<\/strong>: toimitus (at) siirrot .com<\/p>\n","protected":false},"excerpt":{"rendered":"<p>Urheilusivusto Siirrot.com avautui 3.6.2021. Sivusto sis\u00e4lt\u00e4\u00e4 vahvistettuja siirtouutisia, vastuullisia siirtohuhuja sek\u00e4 siirtomarkkinoihin liittyvi\u00e4 artikkeleita. Siirrot.com seuraa kaikkia urheilulajeja. Painopisteet ovat j\u00e4\u00e4kiekon NHL ja jalkapallon Englannin Valioliiga. Siirtouutiset ovat virallisen l\u00e4hteen, esimerkiksi liigan tai urheiluseuran vahvistamia tietoja. Siirtohuhut ovat luotettaviin l\u00e4hteisiin perustuvia ennakointeja mahdollisista siirroista. Siirrot.com ei levit\u00e4 perusteettomiksi katsomiaan huhuja eik\u00e4 luo itse per\u00e4tt\u00f6mi\u00e4 huhuja. &hellip; <a href=\"https:\/\/siirrot.com\/urheilu\/siirrot-com-avattu\/\" class=\"more-link\">Jatka lukemista<span class=\"screen-reader-text\"> &#8220;Info ja yhteystiedot&#8221;<\/span><\/a><\/p>\n","protected":false},"author":1,"featured_media":0,"parent":0,"menu_order":0,"comment_status":"closed","ping_status":"closed","template":"","meta":{"nf_dc_page":"","twitterCardType":"","cardImageID":0,"cardImage":"","cardTitle":"","cardDesc":"","cardImageAlt":"","cardPlayer":"","cardPlayerWidth":0,"cardPlayerHeight":0,"cardPlayerStream":"","cardPlayerCodec":"","footnotes":""},"class_list":["post-8","page","type-page","status-publish","hentry"],"aioseo_notices":[],"_links":{"self":[{"href":"https:\/\/siirrot.com\/urheilu\/wp-json\/wp\/v2\/pages\/8","targetHints":{"allow":["GET"]}}],"collection":[{"href":"https:\/\/siirrot.com\/urheilu\/wp-json\/wp\/v2\/pages"}],"about":[{"href":"https:\/\/siirrot.com\/urheilu\/wp-json\/wp\/v2\/types\/page"}],"author":[{"embeddable":true,"href":"https:\/\/siirrot.com\/urheilu\/wp-json\/wp\/v2\/users\/1"}],"replies":[{"embeddable":true,"href":"https:\/\/siirrot.com\/urheilu\/wp-json\/wp\/v2\/comments?post=8"}],"version-history":[{"count":5,"href":"https:\/\/siirrot.com\/urheilu\/wp-json\/wp\/v2\/pages\/8\/revisions"}],"predecessor-version":[{"id":1981,"href":"https:\/\/siirrot.com\/urheilu\/wp-json\/wp\/v2\/pages\/8\/revisions\/1981"}],"wp:attachment":[{"href":"https:\/\/siirrot.com\/urheilu\/wp-json\/wp\/v2\/media?parent=8"}],"curies":[{"name":"wp","href":"https:\/\/api.w.org\/{rel}","templated":true}]}}